{"id":143,"date":"2025-06-24T12:52:24","date_gmt":"2025-06-24T12:52:24","guid":{"rendered":"https:\/\/hekamab.se\/?page_id=143"},"modified":"2025-06-26T11:05:59","modified_gmt":"2025-06-26T11:05:59","slug":"home-2","status":"publish","type":"page","link":"https:\/\/hekamab.se\/","title":{"rendered":"home 2"},"content":{"rendered":"\t\t<div data-elementor-type=\"wp-page\" data-elementor-id=\"143\" class=\"elementor elementor-143\">\n\t\t\t\t<div class=\"elementor-element elementor-element-6281428b e-flex e-con-boxed e-con e-parent\" data-id=\"6281428b\" data-element_type=\"container\" data-settings=\"{&quot;background_background&quot;:&quot;classic&quot;}\">\n\t\t\t\t\t<div class=\"e-con-inner\">\n\t\t\t\t<div class=\"elementor-element elementor-element-62be4181 animated-slow elementor-invisible elementor-widget elementor-widget-image\" data-id=\"62be4181\" data-element_type=\"widget\" data-settings=\"{&quot;_animation&quot;:&quot;slideInRight&quot;,&quot;_animation_delay&quot;:600}\" data-widget_type=\"image.default\">\n\t\t\t\t<div class=\"elementor-widget-container\">\n\t\t\t\t\t\t\t\t\t\t\t\t\t\t\t<img fetchpriority=\"high\" decoding=\"async\" width=\"768\" height=\"398\" src=\"https:\/\/hekamab.se\/wp-content\/uploads\/2025\/06\/taxi-2023-11-27-05-34-50-utc-1-768x398.png\" class=\"attachment-medium_large size-medium_large wp-image-64\" alt=\"\" srcset=\"https:\/\/hekamab.se\/wp-content\/uploads\/2025\/06\/taxi-2023-11-27-05-34-50-utc-1-768x398.png 768w, https:\/\/hekamab.se\/wp-content\/uploads\/2025\/06\/taxi-2023-11-27-05-34-50-utc-1-300x156.png 300w, https:\/\/hekamab.se\/wp-content\/uploads\/2025\/06\/taxi-2023-11-27-05-34-50-utc-1.png 881w\" sizes=\"(max-width: 768px) 100vw, 768px\" \/>\t\t\t\t\t\t\t\t\t\t\t\t\t\t\t<\/div>\n\t\t\t\t<\/div>\n\t\t\t\t\t<\/div>\n\t\t\t\t<\/div>\n\t\t<div class=\"elementor-element elementor-element-88d543e e-flex e-con-boxed e-con e-parent\" data-id=\"88d543e\" data-element_type=\"container\">\n\t\t\t\t\t<div class=\"e-con-inner\">\n\t\t\t\t<div class=\"elementor-element elementor-element-9132e73 elementor-widget elementor-widget-heading\" data-id=\"9132e73\" data-element_type=\"widget\" data-widget_type=\"heading.default\">\n\t\t\t\t<div class=\"elementor-widget-container\">\n\t\t\t\t\t<h3 class=\"elementor-heading-title elementor-size-default\">Specialerbjudande<\/h3>\t\t\t\t<\/div>\n\t\t\t\t<\/div>\n\t\t\t\t\t<\/div>\n\t\t\t\t<\/div>\n\t\t<div class=\"elementor-element elementor-element-57a8e7f e-flex e-con-boxed e-con e-parent\" data-id=\"57a8e7f\" data-element_type=\"container\">\n\t\t\t\t\t<div class=\"e-con-inner\">\n\t\t<div class=\"elementor-element elementor-element-adb6c26 e-con-full e-flex e-con e-child\" data-id=\"adb6c26\" data-element_type=\"container\">\n\t\t\t\t<div class=\"elementor-element elementor-element-b91d408 elementor-widget elementor-widget-image\" data-id=\"b91d408\" data-element_type=\"widget\" data-widget_type=\"image.default\">\n\t\t\t\t<div class=\"elementor-widget-container\">\n\t\t\t\t\t\t\t\t\t\t\t\t\t\t\t<img decoding=\"async\" width=\"640\" height=\"480\" src=\"https:\/\/hekamab.se\/wp-content\/uploads\/2025\/06\/109d42905a766a2920eedb033b682af8_640x509.09090909091.jpg\" class=\"attachment-full size-full wp-image-105\" alt=\"\" srcset=\"https:\/\/hekamab.se\/wp-content\/uploads\/2025\/06\/109d42905a766a2920eedb033b682af8_640x509.09090909091.jpg 640w, https:\/\/hekamab.se\/wp-content\/uploads\/2025\/06\/109d42905a766a2920eedb033b682af8_640x509.09090909091-300x225.jpg 300w\" sizes=\"(max-width: 640px) 100vw, 640px\" \/>\t\t\t\t\t\t\t\t\t\t\t\t\t\t\t<\/div>\n\t\t\t\t<\/div>\n\t\t\t\t<\/div>\n\t\t<div class=\"elementor-element elementor-element-2b5bf07 e-con-full e-flex e-con e-child\" data-id=\"2b5bf07\" data-element_type=\"container\">\n\t\t\t\t<div class=\"elementor-element elementor-element-1ed1931 elementor-widget elementor-widget-heading\" data-id=\"1ed1931\" data-element_type=\"widget\" data-widget_type=\"heading.default\">\n\t\t\t\t<div class=\"elementor-widget-container\">\n\t\t\t\t\t<h2 class=\"elementor-heading-title elementor-size-default\">Endast nu 15% rabatt!<\/h2>\t\t\t\t<\/div>\n\t\t\t\t<\/div>\n\t\t\t\t<div class=\"elementor-element elementor-element-4debb0f elementor-widget elementor-widget-text-editor\" data-id=\"4debb0f\" data-element_type=\"widget\" data-widget_type=\"text-editor.default\">\n\t\t\t\t<div class=\"elementor-widget-container\">\n\t\t\t\t\t\t\t\t\t<div id=\"wb_element_instance12\" class=\"wb_element wb_text_element\"><p id=\"tw-target-text\" class=\"tw-data-text tw-text-large tw-ta\" dir=\"ltr\" data-placeholder=\"Translation\" data-ved=\"2ahUKEwit8e_1w46OAxVR2TgGHTy-FJMQ3ewLegQICRAV\" aria-label=\"Translated text: Du hittar den senaste informationen om oss p\u00e5 den h\u00e4r sidan. V\u00e5rt f\u00f6retag utvecklas och v\u00e4xer st\u00e4ndigt. Vi erbjuder ett brett utbud av tj\u00e4nster. V\u00e5rt uppdrag \u00e4r att erbjuda den b\u00e4sta l\u00f6sningen som hj\u00e4lper alla. Om du vill kontakta oss, v\u00e4nligen fyll i kontaktformul\u00e4ret p\u00e5 v\u00e5r webbplats. Vi \u00f6nskar dig en bra dag.\"><span class=\"Y2IQFc\" lang=\"sv\">Du hittar den senaste informationen om oss p\u00e5 den h\u00e4r sidan. V\u00e5rt f\u00f6retag utvecklas och v\u00e4xer st\u00e4ndigt. Vi erbjuder ett brett utbud av tj\u00e4nster. V\u00e5rt uppdrag \u00e4r att erbjuda den b\u00e4sta l\u00f6sningen som hj\u00e4lper alla. Om du vill kontakta oss, v\u00e4nligen fyll i kontaktformul\u00e4ret p\u00e5 v\u00e5r webbplats. Vi \u00f6nskar dig en bra dag.<\/span><\/p><\/div><div id=\"wb_element_instance13\" class=\"wb_element wb_element_shape\">\u00a0<\/div>\t\t\t\t\t\t\t\t<\/div>\n\t\t\t\t<\/div>\n\t\t\t\t<\/div>\n\t\t\t\t\t<\/div>\n\t\t\t\t<\/div>\n\t\t<div class=\"elementor-element elementor-element-414c445d e-flex e-con-boxed e-con e-parent\" data-id=\"414c445d\" data-element_type=\"container\">\n\t\t\t\t\t<div class=\"e-con-inner\">\n\t\t<div class=\"elementor-element elementor-element-5848dd2e e-flex e-con-boxed e-con e-child\" data-id=\"5848dd2e\" data-element_type=\"container\">\n\t\t\t\t\t<div class=\"e-con-inner\">\n\t\t<div class=\"elementor-element elementor-element-512415cd e-con-full e-flex e-con e-child\" data-id=\"512415cd\" data-element_type=\"container\">\n\t\t\t\t<div class=\"elementor-element elementor-element-501aebc elementor-invisible elementor-widget elementor-widget-heading\" data-id=\"501aebc\" data-element_type=\"widget\" data-settings=\"{&quot;_animation&quot;:&quot;slideInLeft&quot;}\" data-widget_type=\"heading.default\">\n\t\t\t\t<div class=\"elementor-widget-container\">\n\t\t\t\t\t<h2 class=\"elementor-heading-title elementor-size-default\">\nVarf\u00f6r v\u00e4lja oss?<\/h2>\t\t\t\t<\/div>\n\t\t\t\t<\/div>\n\t\t\t\t<\/div>\n\t\t\t\t<div class=\"elementor-element elementor-element-1a80678b elementor-widget__width-initial elementor-widget-tablet__width-inherit elementor-widget elementor-widget-text-editor\" data-id=\"1a80678b\" data-element_type=\"widget\" data-widget_type=\"text-editor.default\">\n\t\t\t\t<div class=\"elementor-widget-container\">\n\t\t\t\t\t\t\t\t\t<p>Sem nulla dignissim arcu semper tempus turpis. Amet risus id nunc augue. Suscipit dictum mauris sed nulla. Amet mi elit donec id et diam cursus elit malesuada.<\/p>\t\t\t\t\t\t\t\t<\/div>\n\t\t\t\t<\/div>\n\t\t\t\t\t<\/div>\n\t\t\t\t<\/div>\n\t\t\t\t\t<\/div>\n\t\t\t\t<\/div>\n\t\t<div class=\"elementor-element elementor-element-2e86c88 e-flex e-con-boxed e-con e-parent\" data-id=\"2e86c88\" data-element_type=\"container\">\n\t\t\t\t\t<div class=\"e-con-inner\">\n\t\t<div class=\"elementor-element elementor-element-1b78ea5 e-con-full e-flex e-con e-child\" data-id=\"1b78ea5\" data-element_type=\"container\">\n\t\t\t\t<div class=\"elementor-element elementor-element-c84e73f elementor-widget elementor-widget-heading\" data-id=\"c84e73f\" data-element_type=\"widget\" data-widget_type=\"heading.default\">\n\t\t\t\t<div class=\"elementor-widget-container\">\n\t\t\t\t\t<h3 class=\"elementor-heading-title elementor-size-default\">Det enklaste s\u00e4ttet att boka din resa Ladda ner v\u00e5r app f\u00f6r omedelbar \u00e5tkomst<\/h3>\t\t\t\t<\/div>\n\t\t\t\t<\/div>\n\t\t\t\t<div class=\"elementor-element elementor-element-cb73663 elementor-widget elementor-widget-text-editor\" data-id=\"cb73663\" data-element_type=\"widget\" data-widget_type=\"text-editor.default\">\n\t\t\t\t<div class=\"elementor-widget-container\">\n\t\t\t\t\t\t\t\t\t<p id=\"tw-target-text\" class=\"tw-data-text tw-text-large tw-ta\" dir=\"ltr\" data-placeholder=\"Translation\" data-ved=\"2ahUKEwit8e_1w46OAxVR2TgGHTy-FJMQ3ewLegQICRAV\" aria-label=\"Translated text: \u00d6ppna bara appen, v\u00e4lj din resa och kom dit du vill \u2013 allt till ett pris som \u00e4r sn\u00e4llt mot din pl\u00e5nbok.\"><span class=\"Y2IQFc\" lang=\"sv\">\u00d6ppna bara appen, v\u00e4lj din resa och kom dit du vill \u2013 allt till ett pris som \u00e4r sn\u00e4llt mot din pl\u00e5nbok.<\/span><\/p>\t\t\t\t\t\t\t\t<\/div>\n\t\t\t\t<\/div>\n\t\t\t\t<div class=\"elementor-element elementor-element-551bfca elementor-widget elementor-widget-image\" data-id=\"551bfca\" data-element_type=\"widget\" data-widget_type=\"image.default\">\n\t\t\t\t<div class=\"elementor-widget-container\">\n\t\t\t\t\t\t\t\t\t\t\t\t\t\t\t<img decoding=\"async\" width=\"270\" height=\"80\" src=\"https:\/\/hekamab.se\/wp-content\/uploads\/2025\/06\/PlayStore.png\" class=\"elementor-animation-grow attachment-medium size-medium wp-image-23\" alt=\"\" \/>\t\t\t\t\t\t\t\t\t\t\t\t\t\t\t<\/div>\n\t\t\t\t<\/div>\n\t\t\t\t<div class=\"elementor-element elementor-element-4e61bba elementor-widget elementor-widget-image\" data-id=\"4e61bba\" data-element_type=\"widget\" data-widget_type=\"image.default\">\n\t\t\t\t<div class=\"elementor-widget-container\">\n\t\t\t\t\t\t\t\t\t\t\t\t\t\t\t<img loading=\"lazy\" decoding=\"async\" width=\"240\" height=\"80\" src=\"https:\/\/hekamab.se\/wp-content\/uploads\/2025\/06\/App-Stor.png\" class=\"elementor-animation-grow attachment-medium size-medium wp-image-24\" alt=\"\" \/>\t\t\t\t\t\t\t\t\t\t\t\t\t\t\t<\/div>\n\t\t\t\t<\/div>\n\t\t\t\t<\/div>\n\t\t<div class=\"elementor-element elementor-element-c74853b e-con-full e-flex e-con e-child\" data-id=\"c74853b\" data-element_type=\"container\">\n\t\t\t\t<div class=\"elementor-element elementor-element-c1fd3e9 elementor-widget elementor-widget-image\" data-id=\"c1fd3e9\" data-element_type=\"widget\" data-widget_type=\"image.default\">\n\t\t\t\t<div class=\"elementor-widget-container\">\n\t\t\t\t\t\t\t\t\t\t\t\t\t\t\t<img loading=\"lazy\" decoding=\"async\" width=\"683\" height=\"1024\" src=\"https:\/\/hekamab.se\/wp-content\/uploads\/2025\/06\/a-beautiful-girl-with-dreadlocks-in-a-street-eveni-2023-11-27-04-54-09-utc-scaled-1-683x1024.jpg\" class=\"attachment-large size-large wp-image-236\" alt=\"\" srcset=\"https:\/\/hekamab.se\/wp-content\/uploads\/2025\/06\/a-beautiful-girl-with-dreadlocks-in-a-street-eveni-2023-11-27-04-54-09-utc-scaled-1-683x1024.jpg 683w, https:\/\/hekamab.se\/wp-content\/uploads\/2025\/06\/a-beautiful-girl-with-dreadlocks-in-a-street-eveni-2023-11-27-04-54-09-utc-scaled-1-200x300.jpg 200w, https:\/\/hekamab.se\/wp-content\/uploads\/2025\/06\/a-beautiful-girl-with-dreadlocks-in-a-street-eveni-2023-11-27-04-54-09-utc-scaled-1-768x1152.jpg 768w, https:\/\/hekamab.se\/wp-content\/uploads\/2025\/06\/a-beautiful-girl-with-dreadlocks-in-a-street-eveni-2023-11-27-04-54-09-utc-scaled-1-1024x1536.jpg 1024w, https:\/\/hekamab.se\/wp-content\/uploads\/2025\/06\/a-beautiful-girl-with-dreadlocks-in-a-street-eveni-2023-11-27-04-54-09-utc-scaled-1-1366x2048.jpg 1366w, https:\/\/hekamab.se\/wp-content\/uploads\/2025\/06\/a-beautiful-girl-with-dreadlocks-in-a-street-eveni-2023-11-27-04-54-09-utc-scaled-1.jpg 1707w\" sizes=\"(max-width: 683px) 100vw, 683px\" \/>\t\t\t\t\t\t\t\t\t\t\t\t\t\t\t<\/div>\n\t\t\t\t<\/div>\n\t\t\t\t<\/div>\n\t\t\t\t\t<\/div>\n\t\t\t\t<\/div>\n\t\t\t\t<\/div>\n\t\t\n    <div class=\"xs_social_share_widget xs_share_url after_content \t\tmain_content  wslu-style-1 wslu-share-box-shaped wslu-fill-colored wslu-none wslu-share-horizontal wslu-theme-font-no wslu-main_content\">\n\n\t\t\n        <ul>\n\t\t\t        <\/ul>\n    <\/div> \n","protected":false},"excerpt":{"rendered":"<p>Specialerbjudande Endast nu 15% rabatt! Du hittar den senaste informationen om oss p\u00e5 den h\u00e4r sidan. V\u00e5rt f\u00f6retag utvecklas och v\u00e4xer st\u00e4ndigt. Vi erbjuder ett brett utbud av tj\u00e4nster. V\u00e5rt uppdrag \u00e4r att erbjuda den b\u00e4sta l\u00f6sningen som hj\u00e4lper alla. Om du vill kontakta oss, v\u00e4nligen fyll i kontaktformul\u00e4ret p\u00e5 v\u00e5r webbplats. Vi \u00f6nskar dig [&hellip;]<\/p>\n","protected":false},"author":1,"featured_media":0,"parent":0,"menu_order":0,"comment_status":"closed","ping_status":"closed","template":"","meta":{"postBodyCss":"","postBodyMargin":[],"postBodyPadding":[],"postBodyBackground":{"backgroundType":"classic","gradient":""},"footnotes":""},"class_list":["post-143","page","type-page","status-publish","hentry"],"_links":{"self":[{"href":"https:\/\/hekamab.se\/index.php\/wp-json\/wp\/v2\/pages\/143","targetHints":{"allow":["GET"]}}],"collection":[{"href":"https:\/\/hekamab.se\/index.php\/wp-json\/wp\/v2\/pages"}],"about":[{"href":"https:\/\/hekamab.se\/index.php\/wp-json\/wp\/v2\/types\/page"}],"author":[{"embeddable":true,"href":"https:\/\/hekamab.se\/index.php\/wp-json\/wp\/v2\/users\/1"}],"replies":[{"embeddable":true,"href":"https:\/\/hekamab.se\/index.php\/wp-json\/wp\/v2\/comments?post=143"}],"version-history":[{"count":47,"href":"https:\/\/hekamab.se\/index.php\/wp-json\/wp\/v2\/pages\/143\/revisions"}],"predecessor-version":[{"id":373,"href":"https:\/\/hekamab.se\/index.php\/wp-json\/wp\/v2\/pages\/143\/revisions\/373"}],"wp:attachment":[{"href":"https:\/\/hekamab.se\/index.php\/wp-json\/wp\/v2\/media?parent=143"}],"curies":[{"name":"wp","href":"https:\/\/api.w.org\/{rel}","templated":true}]}}